{"id":5367,"date":"2023-11-16T17:58:26","date_gmt":"2023-11-16T17:58:26","guid":{"rendered":"http:\/\/wypozyczalniarzeszow.stronazen.pl\/?page_id=5367"},"modified":"2024-03-18T11:51:42","modified_gmt":"2024-03-18T11:51:42","slug":"szklo","status":"publish","type":"page","link":"https:\/\/wypozyczalniarzeszow.pl\/index.php\/szklo\/","title":{"rendered":"Szk\u0142o"},"content":{"rendered":"\t\t<div data-elementor-type=\"wp-page\" data-elementor-id=\"5367\" class=\"elementor elementor-5367\">\n\t\t\t\t<div class=\"elementor-element elementor-element-98659c7 e-flex e-con-boxed e-con e-parent\" data-id=\"98659c7\" data-element_type=\"container\" data-core-v316-plus=\"true\">\n\t\t\t\t\t<div class=\"e-con-inner\">\n\t\t\t\t<div class=\"elementor-element elementor-element-d34ba2f elementor-widget elementor-widget-witr_section_title\" data-id=\"d34ba2f\" data-element_type=\"widget\" data-widget_type=\"witr_section_title.default\">\n\t\t\t\t<div class=\"elementor-widget-container\">\n\t\t\t\t\t\t\t\t<!-- title center -->\n\t\t\t\t\t<div class=\"witr_section_title\">\n\t\t\t\t\t\t<div class=\"witr_section_title_inner text-center\">\n\t\t\t\t\t\t\n\t\t\t\t\t\t\t<!--<div class=\"witr_title_lines\"><span class=\"witr_line_shaps\"><span class=\"witr_shape_dv\">Divider <i aria-hidden=\"true\" class=\"fas fa-star\"><\/i><\/span><\/span><\/div>-->\n\t\t\t\t\t\t\t<!-- icon position -->\n\t\t\t\t\t\t\t\t\n\t\t\t\t\t\t\t<!-- end icon position -->\n\t\t\t\t\t\t\t\n\t\t\t\t\t\t\n\t\t\t\t\t\t\t<!-- title top -->\n\t\t\t\t\t\t\t\t\t\t\t\t\t\t\t<h2>\/\/SZK\u0141O<\/h2>\t\t\n\t\t\t\t\t\t\t\n\n\t\t\t\t\t\t\t<!-- icon position -->\n\t\t\t\t\t\t\t\t\n\t\t\t\t\t\t\t<!-- end icon position -->\n\n\n\t\t\t\t\t\t\t\n\t\t\t\t\t\t\t<!-- title middle -->\n\t\t\t\t\t\t\t\t\t\t\t\t\t\t\t<h3>Wynajem szk\u0142a gastronomicznego<\/h3>\t\t\n\t\t\t\t\t\t\t\t\t\t\t\t\t\t<!-- title bottom -->\n\t\t\t\t\t\t\t\n\t\t\t\t\t\t\t\n\t\t\t\t\t\t\t\n\t\t\t\t\t\t\t\t\t\t\t\t\t\t\n\t\t\t\t\t\t\t<!-- image -->\n\t\t\t\t\t\t\t\t\t\t\t\t\t\t<!-- icon -->\n\t\t\t\t\t\t\t\t\t\t\t\t\t\t\n\t\t\t\t\t\t\t<!-- bar -->\n\t\t\t\t\t\t\t\n\t\t\t\t\t\t\t\n\t\t\t\t\t\t\t\t\n\t\t\t\t\t\t\t\n\t\t\t\t\t\t\t\n\t\t\t\t\t\t\t\n\t\t\t\t\t\t\t\n\t\t\t\t\t\t\t\n\t\t\t\t\t\t\t\n\t\t\t\t\t\t\t\n\t\t\t\t\t\t\t\n\t\t\t\t\t\t\t<!-- content -->\n\t\t\t\t\t\t\t\t\t\t\t\t\t\t\t<p>Kieliszki, szklanki, karafki, goblety, pokale <\/p>\t\t\n\t\t\t\t\t\t\t\t\t\t\t\t\t\t\n\t\t\t\t\t\t<\/div>\n\t\t\t\t\t\t\t<!-- inner title -->\n\t\t\t\t\t\t\t\t\t\t\t\t\t\n\t\t\t\t\t<\/div>\n\n\t\t\t\t\t\t<\/div>\n\t\t\t\t<\/div>\n\t\t\t\t\t<\/div>\n\t\t\t\t<\/div>\n\t\t<div class=\"elementor-element elementor-element-8dfcdf7 e-flex e-con-boxed e-con e-parent\" data-id=\"8dfcdf7\" data-element_type=\"container\" data-core-v316-plus=\"true\">\n\t\t\t\t\t<div class=\"e-con-inner\">\n\t\t\t\t<div class=\"elementor-element elementor-element-5d86bf3 cowfarm-star-rating--align-center cowfarm-star-rating-tablet--align-center cowfarm-star-rating-mobile--align-left elementor-widget elementor-widget-witr_section_button\" data-id=\"5d86bf3\" data-element_type=\"widget\" data-widget_type=\"witr_section_button.default\">\n\t\t\t\t<div class=\"elementor-widget-container\">\n\t\t\t<!-- area -->\n\t\t\t<div class=\"witr_button_area\">\n\n\t\t\t\t\t\t\t\t<!--  post meta -->\n\n\n\t\t\t\t\t\t\t\t\t<!-- btn default style -->\n\t\t\t\t\t<div class=\"witr_btn_style mr\">\n\t\t\t\t\t\t<div class=\"witr_btn_sinner\">\t\n\t\t\t\t\t\t\n\t\t\t\t\t\t\t\t\t\t\t\t\t\t\t\t\t\t\t\t\t\t\t\t\t\t<a href=\"http:\/\/wypozyczalniarzeszow.pl\/index.php\/oferta\/\" class=\"witr_btn\">Oferta\t\t\t\t\t\t\t\t\t\t\t<!-- icon -->\n\t\t\t\t\t\t\t\t\t\t\t\t\t\t\t\t\t\t\t\t\t\n\t\t\t\t\t\t\t\t\t\t<\/a>\n\t\t\t\t\t\t\t\t\t\t\t\t\t\t\t\t\t\t\t\n\t\t\t\t\t\t\t\t\t\t\t\t\t\t\t\t\t\t\t\t\t\t\t\t\t\t\t\t\t\t\t\t\t\t\t\t\t\n\t\t\t\t\t\t\t\t\t\t\t\t\t\t\t\n\t\t\t\t\t\t\n\t\t\t\t\t\t<\/div>\t\t\t\t\t\t\n\t\t\t\t\t<\/div>\n\t\t\t\t\t\t\n\t\t\t\n\n\n\n\t\t\t<\/div>\n<!-- end area -->\n  \n\n\t\t<\/div>\n\t\t\t\t<\/div>\n\t\t\t\t\t<\/div>\n\t\t\t\t<\/div>\n\t\t<div class=\"elementor-element elementor-element-16f47e3 e-flex e-con-boxed e-con e-parent\" data-id=\"16f47e3\" data-element_type=\"container\" data-core-v316-plus=\"true\">\n\t\t\t\t\t<div class=\"e-con-inner\">\n\t\t\t\t<div class=\"elementor-element elementor-element-c5b8f47 elementor-widget elementor-widget-text-editor\" data-id=\"c5b8f47\" data-element_type=\"widget\" data-widget_type=\"text-editor.default\">\n\t\t\t\t<div class=\"elementor-widget-container\">\n\t\t\t<style>\/*! elementor - v3.20.0 - 11-03-2024 *\/\n.elementor-widget-text-editor.elementor-drop-cap-view-stacked .elementor-drop-cap{background-color:#69727d;color:#fff}.elementor-widget-text-editor.elementor-drop-cap-view-framed .elementor-drop-cap{color:#69727d;border:3px solid;background-color:transparent}.elementor-widget-text-editor:not(.elementor-drop-cap-view-default) .elementor-drop-cap{margin-top:8px}.elementor-widget-text-editor:not(.elementor-drop-cap-view-default) .elementor-drop-cap-letter{width:1em;height:1em}.elementor-widget-text-editor .elementor-drop-cap{float:left;text-align:center;line-height:1;font-size:50px}.elementor-widget-text-editor .elementor-drop-cap-letter{display:inline-block}<\/style>\t\t\t\t<p>Jako specjali\u015bci od wynajmu szk\u0142a i urz\u0105dze\u0144 cateringowych wiemy, \u017ce ka\u017cda dobre spotkanie, impreza, bal, obiad potrzebuje du\u017co szk\u0142a, aby odpowiednio serwowa\u0107 napoje Pa\u0144stwa go\u015bciom. Posiadamy pe\u0142n\u0105 gam\u0119 wyrob\u00f3w szklanych do wypo\u017cyczenia w r\u00f3\u017cnych opcjach.\u00a0Bez wzgl\u0119du na to, co b\u0119d\u0105 pili Pa\u0144stwa go\u015bcie, jakie wydarzenie b\u0119dziemy mieli obs\u0142u\u017cy\u0107, posiadamy szk\u0142o do ka\u017cdego rodzaju napoj\u00f3w.<\/p><p>Nasza Wypo\u017cyczalnia dostarczy szk\u0142o gastronomiczne najlepszej jako\u015bci produkowane przez mi\u0119dzy innymi przez HS Krosno. Wykonana w wyj\u0105tkowo wysokim standardzie seria Venecia b\u0119dzie wygl\u0105da\u0107 szczeg\u00f3lnie elegancko i gustownie na uroczystym bankiecie w nowoczesnej jadalni lub na stylowym \u015blubie, nieskazitelnie przezroczysta i profesjonalnie polerowana<\/p><p class=\"cat-question\">Jako specjali\u015bci od wynajmu, mo\u017cemy dostarczy\u0107\u00a0kieliszek na ka\u017cd\u0105 okazj\u0119,\u00a0do ka\u017cdego miejsca;od eleganckich nowoczesnych wesel, pokaz\u00f3w mody, premier filmowych, klub\u00f3w nocnych, ogrodowych i firmowych imprez.Nasze szk\u0142o to wyroby sprawdzone w bran\u017cy, kieliszki do wina czerwonego i bia\u0142ego, w\u00f3dki, szklanki do drink\u00f3w i whisky, kufel do piwa, nowoczesne kieliszki do szampana, szklanki do wody i specjalistyczne szk\u0142o dla koktajli, Martini, ka\u017cdy toast uczyni\u0105 wyj\u0105tkowym.<\/p><p>Wynajmowane przez nas szk\u0142o jest, profesjonalnie myte w wysokich temperaturach i suszone, aby ka\u017cdy kieliszek by\u0142 odka\u017cony i wolny od znak\u00f3w wodnych. Indywidualnie sprawdzamy ka\u017cd\u0105 szklank\u0119 aby mogliby\u015bcie mie\u0107 Pa\u0144stwo absolutn\u0105 pewno\u015b\u0107, \u017ce krystalicznie czyste szklanki s\u0105 gotowe do u\u017cycia bezpo\u015brednio po dostawie.Nasze drobiazgowe standardy daj\u0105 Wam o jeden mniej pow\u00f3d do zmartwienia, gdy organizuje specjaln\u0105 imprez\u0119.<\/p><p>Nasza oferta wypo\u017cyczenia kieliszk\u00f3w i szklanek jest tak dobrana aby m\u00f3c by\u0107 wypo\u017cyczana samodzielnie, b\u0119d\u0105c cz\u0119\u015bci\u0105 aran\u017cacji wybranego przyj\u0119cia, lub w komplecie stanowi\u0105c zastaw\u0119 szklan\u0105 nowoczesn\u0105 i stylowe a jednocze\u015bnie eleganck\u0105 i ponadczasow\u0105, kt\u00f3ra b\u0119dzie pasowa\u0142a na ka\u017cd\u0105 okazj\u0119. Wypo\u017cyczalnia szk\u0142a gastronomicznego mo\u017ce dostarczy\u0107 kilka wybranych kieliszk\u00f3w lub kilkuset, wszystkie w tej samej linii i uzupe\u0142niaj\u0105c nasze naczynia i sztu\u0107ce z kolekcji wypo\u017cyczalni.<\/p>\t\t\t\t\t\t<\/div>\n\t\t\t\t<\/div>\n\t\t\t\t\t<\/div>\n\t\t\t\t<\/div>\n\t\t\t\t<section class=\"elementor-section elementor-top-section elementor-element elementor-element-ac19d89 elementor-section-boxed elementor-section-height-default elementor-section-height-default\" data-id=\"ac19d89\" data-element_type=\"section\">\n\t\t\t\t\t\t<div class=\"elementor-container elementor-column-gap-default\">\n\t\t\t\t\t<div class=\"elementor-column elementor-col-100 elementor-top-column elementor-element elementor-element-f302833\" data-id=\"f302833\" data-element_type=\"column\">\n\t\t\t<div class=\"elementor-widget-wrap elementor-element-populated\">\n\t\t\t\t\t\t<section class=\"elementor-section elementor-inner-section elementor-element elementor-element-7a75169 elementor-section-boxed elementor-section-height-default elementor-section-height-default\" data-id=\"7a75169\" data-element_type=\"section\">\n\t\t\t\t\t\t<div class=\"elementor-container elementor-column-gap-default\">\n\t\t\t\t\t<div class=\"elementor-column elementor-col-50 elementor-inner-column elementor-element elementor-element-97bf903\" data-id=\"97bf903\" data-element_type=\"column\">\n\t\t\t<div class=\"elementor-widget-wrap elementor-element-populated\">\n\t\t\t\t\t\t<div class=\"elementor-element elementor-element-ce0eb44 elementor-view-framed elementor-shape-circle elementor-position-top elementor-mobile-position-top elementor-widget elementor-widget-icon-box\" data-id=\"ce0eb44\" data-element_type=\"widget\" data-widget_type=\"icon-box.default\">\n\t\t\t\t<div class=\"elementor-widget-container\">\n\t\t\t<link rel=\"stylesheet\" href=\"https:\/\/wypozyczalniarzeszow.pl\/wp-content\/plugins\/elementor\/assets\/css\/widget-icon-box.min.css\">\t\t<div class=\"elementor-icon-box-wrapper\">\n\t\t\t\t\t\t<div class=\"elementor-icon-box-icon\">\n\t\t\t\t<a href=\"tel:+48570601540\" class=\"elementor-icon elementor-animation-pulse-grow\" tabindex=\"-1\">\n\t\t\t\t<svg aria-hidden=\"true\" class=\"e-font-icon-svg e-fas-phone-alt\" viewBox=\"0 0 512 512\" xmlns=\"http:\/\/www.w3.org\/2000\/svg\"><path d=\"M497.39 361.8l-112-48a24 24 0 0 0-28 6.9l-49.6 60.6A370.66 370.66 0 0 1 130.6 204.11l60.6-49.6a23.94 23.94 0 0 0 6.9-28l-48-112A24.16 24.16 0 0 0 122.6.61l-104 24A24 24 0 0 0 0 48c0 256.5 207.9 464 464 464a24 24 0 0 0 23.4-18.6l24-104a24.29 24.29 0 0 0-14.01-27.6z\"><\/path><\/svg>\t\t\t\t<\/a>\n\t\t\t<\/div>\n\t\t\t\t\t\t<div class=\"elementor-icon-box-content\">\n\t\t\t\t<h3 class=\"elementor-icon-box-title\">\n\t\t\t\t\t<a href=\"tel:+48570601540\" >\n\t\t\t\t\t\t<b>Zadzwo\u0144<\/b>\t\t\t\t\t<\/a>\n\t\t\t\t<\/h3>\n\t\t\t\t\t\t\t<\/div>\n\t\t<\/div>\n\t\t\t\t<\/div>\n\t\t\t\t<\/div>\n\t\t\t\t\t<\/div>\n\t\t<\/div>\n\t\t\t\t<div class=\"elementor-column elementor-col-50 elementor-inner-column elementor-element elementor-element-ff973f4\" data-id=\"ff973f4\" data-element_type=\"column\">\n\t\t\t<div class=\"elementor-widget-wrap elementor-element-populated\">\n\t\t\t\t\t\t<div class=\"elementor-element elementor-element-d9a8b9d elementor-widget elementor-widget-heading\" data-id=\"d9a8b9d\" data-element_type=\"widget\" data-widget_type=\"heading.default\">\n\t\t\t\t<div class=\"elementor-widget-container\">\n\t\t\t<style>\/*! elementor - v3.20.0 - 11-03-2024 *\/\n.elementor-heading-title{padding:0;margin:0;line-height:1}.elementor-widget-heading .elementor-heading-title[class*=elementor-size-]>a{color:inherit;font-size:inherit;line-height:inherit}.elementor-widget-heading .elementor-heading-title.elementor-size-small{font-size:15px}.elementor-widget-heading .elementor-heading-title.elementor-size-medium{font-size:19px}.elementor-widget-heading .elementor-heading-title.elementor-size-large{font-size:29px}.elementor-widget-heading .elementor-heading-title.elementor-size-xl{font-size:39px}.elementor-widget-heading .elementor-heading-title.elementor-size-xxl{font-size:59px}<\/style><h2 class=\"elementor-heading-title elementor-size-default\">GOTOWE ZAM\u00d3WIENIE?<\/h2>\t\t<\/div>\n\t\t\t\t<\/div>\n\t\t\t\t<div class=\"elementor-element elementor-element-2acbb21 elementor-widget elementor-widget-heading\" data-id=\"2acbb21\" data-element_type=\"widget\" data-widget_type=\"heading.default\">\n\t\t\t\t<div class=\"elementor-widget-container\">\n\t\t\t<h2 class=\"elementor-heading-title elementor-size-default\">Um\u00f3w Teraz Odbi\u00f3r<\/h2>\t\t<\/div>\n\t\t\t\t<\/div>\n\t\t\t\t<div class=\"elementor-element elementor-element-79f2d51 elementor-widget elementor-widget-text-editor\" data-id=\"79f2d51\" data-element_type=\"widget\" data-widget_type=\"text-editor.default\">\n\t\t\t\t<div class=\"elementor-widget-container\">\n\t\t\t\t\t\t\t<p>Jeste\u015bmy dost\u0119pni od poniedzia\u0142ku do soboty po wcze\u015bniejszej awizacji wypo\u017cyczenia.<\/p>\t\t\t\t\t\t<\/div>\n\t\t\t\t<\/div>\n\t\t\t\t\t<\/div>\n\t\t<\/div>\n\t\t\t\t\t<\/div>\n\t\t<\/section>\n\t\t\t\t\t<\/div>\n\t\t<\/div>\n\t\t\t\t\t<\/div>\n\t\t<\/section>\n\t\t\t\t<\/div>\n\t\t","protected":false},"excerpt":{"rendered":"<p>\/\/SZK\u0141O Wynajem szk\u0142a gastronomicznego Kieliszki, szklanki, karafki, goblety, pokale Oferta Jako specjali\u015bci od wynajmu szk\u0142a i urz\u0105dze\u0144 cateringowych wiemy, \u017ce ka\u017cda dobre spotkanie, impreza, bal, obiad potrzebuje du\u017co szk\u0142a, aby odpowiednio serwowa\u0107 napoje Pa\u0144stwa go\u015bciom. Posiadamy pe\u0142n\u0105 gam\u0119 wyrob\u00f3w szklanych do wypo\u017cyczenia w r\u00f3\u017cnych opcjach.\u00a0Bez wzgl\u0119du na to, co b\u0119d\u0105 pili Pa\u0144stwa go\u015bcie, jakie wydarzenie [&hellip;]<\/p>\n","protected":false},"author":1,"featured_media":0,"parent":0,"menu_order":0,"comment_status":"closed","ping_status":"closed","template":"","meta":{"footnotes":""},"_links":{"self":[{"href":"https:\/\/wypozyczalniarzeszow.pl\/index.php\/wp-json\/wp\/v2\/pages\/5367"}],"collection":[{"href":"https:\/\/wypozyczalniarzeszow.pl\/index.php\/wp-json\/wp\/v2\/pages"}],"about":[{"href":"https:\/\/wypozyczalniarzeszow.pl\/index.php\/wp-json\/wp\/v2\/types\/page"}],"author":[{"embeddable":true,"href":"https:\/\/wypozyczalniarzeszow.pl\/index.php\/wp-json\/wp\/v2\/users\/1"}],"replies":[{"embeddable":true,"href":"https:\/\/wypozyczalniarzeszow.pl\/index.php\/wp-json\/wp\/v2\/comments?post=5367"}],"version-history":[{"count":29,"href":"https:\/\/wypozyczalniarzeszow.pl\/index.php\/wp-json\/wp\/v2\/pages\/5367\/revisions"}],"predecessor-version":[{"id":6917,"href":"https:\/\/wypozyczalniarzeszow.pl\/index.php\/wp-json\/wp\/v2\/pages\/5367\/revisions\/6917"}],"wp:attachment":[{"href":"https:\/\/wypozyczalniarzeszow.pl\/index.php\/wp-json\/wp\/v2\/media?parent=5367"}],"curies":[{"name":"wp","href":"https:\/\/api.w.org\/{rel}","templated":true}]}}