{"id":5385,"date":"2023-11-16T18:06:08","date_gmt":"2023-11-16T18:06:08","guid":{"rendered":"http:\/\/wypozyczalniarzeszow.stronazen.pl\/?page_id=5385"},"modified":"2024-03-18T11:52:01","modified_gmt":"2024-03-18T11:52:01","slug":"sztucce-elementy-serwisowe","status":"publish","type":"page","link":"https:\/\/wypozyczalniarzeszow.pl\/index.php\/sztucce-elementy-serwisowe\/","title":{"rendered":"Sztu\u0107ce, elementy serwisowe"},"content":{"rendered":"\t\t<div data-elementor-type=\"wp-page\" data-elementor-id=\"5385\" class=\"elementor elementor-5385\">\n\t\t\t\t<div class=\"elementor-element elementor-element-03ddd6a e-flex e-con-boxed e-con e-parent\" data-id=\"03ddd6a\" data-element_type=\"container\" data-core-v316-plus=\"true\">\n\t\t\t\t\t<div class=\"e-con-inner\">\n\t\t\t\t<div class=\"elementor-element elementor-element-ea2f12a elementor-widget elementor-widget-witr_section_title\" data-id=\"ea2f12a\" data-element_type=\"widget\" data-widget_type=\"witr_section_title.default\">\n\t\t\t\t<div class=\"elementor-widget-container\">\n\t\t\t\t\t\t\t\t<!-- title center -->\n\t\t\t\t\t<div class=\"witr_section_title\">\n\t\t\t\t\t\t<div class=\"witr_section_title_inner text-center\">\n\t\t\t\t\t\t\n\t\t\t\t\t\t\t<!--<div class=\"witr_title_lines\"><span class=\"witr_line_shaps\"><span class=\"witr_shape_dv\">Divider <i aria-hidden=\"true\" class=\"fas fa-star\"><\/i><\/span><\/span><\/div>-->\n\t\t\t\t\t\t\t<!-- icon position -->\n\t\t\t\t\t\t\t\t\n\t\t\t\t\t\t\t<!-- end icon position -->\n\t\t\t\t\t\t\t\n\t\t\t\t\t\t\n\t\t\t\t\t\t\t<!-- title top -->\n\t\t\t\t\t\t\t\t\t\t\t\t\t\t\t<h2>\/\/SZTU\u0106CE<\/h2>\t\t\n\t\t\t\t\t\t\t\n\n\t\t\t\t\t\t\t<!-- icon position -->\n\t\t\t\t\t\t\t\t\n\t\t\t\t\t\t\t<!-- end icon position -->\n\n\n\t\t\t\t\t\t\t\n\t\t\t\t\t\t\t<!-- title middle -->\n\t\t\t\t\t\t\t\t\t\t\t\t\t\t\t<h3>Sztu\u0107ce i elementy serwisowe<\/h3>\t\t\n\t\t\t\t\t\t\t\t\t\t\t\t\t\t<!-- title bottom -->\n\t\t\t\t\t\t\t\n\t\t\t\t\t\t\t\n\t\t\t\t\t\t\t\n\t\t\t\t\t\t\t\t\t\t\t\t\t\t\n\t\t\t\t\t\t\t<!-- image -->\n\t\t\t\t\t\t\t\t\t\t\t\t\t\t<!-- icon -->\n\t\t\t\t\t\t\t\t\t\t\t\t\t\t\n\t\t\t\t\t\t\t<!-- bar -->\n\t\t\t\t\t\t\t\n\t\t\t\t\t\t\t\n\t\t\t\t\t\t\t\t\n\t\t\t\t\t\t\t\n\t\t\t\t\t\t\t\n\t\t\t\t\t\t\t\n\t\t\t\t\t\t\t\n\t\t\t\t\t\t\t\n\t\t\t\t\t\t\t\n\t\t\t\t\t\t\t\n\t\t\t\t\t\t\t\n\t\t\t\t\t\t\t<!-- content -->\n\t\t\t\t\t\t\t\t\t\t\t\t\t\t\t<p>\u0141y\u017cki, no\u017ce , widelce, \u0142y\u017ceczki, szczypce, \u0142y\u017cki wazowe, widelce i \u0142y\u017cki serwisowe <\/p>\t\t\n\t\t\t\t\t\t\t\t\t\t\t\t\t\t\n\t\t\t\t\t\t<\/div>\n\t\t\t\t\t\t\t<!-- inner title -->\n\t\t\t\t\t\t\t\t\t\t\t\t\t\n\t\t\t\t\t<\/div>\n\n\t\t\t\t\t\t<\/div>\n\t\t\t\t<\/div>\n\t\t\t\t\t<\/div>\n\t\t\t\t<\/div>\n\t\t<div class=\"elementor-element elementor-element-b5fc5b7 e-flex e-con-boxed e-con e-parent\" data-id=\"b5fc5b7\" data-element_type=\"container\" data-core-v316-plus=\"true\">\n\t\t\t\t\t<div class=\"e-con-inner\">\n\t\t\t\t<div class=\"elementor-element elementor-element-8333c48 cowfarm-star-rating--align-center cowfarm-star-rating-tablet--align-center cowfarm-star-rating-mobile--align-left elementor-widget elementor-widget-witr_section_button\" data-id=\"8333c48\" data-element_type=\"widget\" data-widget_type=\"witr_section_button.default\">\n\t\t\t\t<div class=\"elementor-widget-container\">\n\t\t\t<!-- area -->\n\t\t\t<div class=\"witr_button_area\">\n\n\t\t\t\t\t\t\t\t<!--  post meta -->\n\n\n\t\t\t\t\t\t\t\t\t<!-- btn default style -->\n\t\t\t\t\t<div class=\"witr_btn_style mr\">\n\t\t\t\t\t\t<div class=\"witr_btn_sinner\">\t\n\t\t\t\t\t\t\n\t\t\t\t\t\t\t\t\t\t\t\t\t\t\t\t\t\t\t\t\t\t\t\t\t\t<a href=\"http:\/\/wypozyczalniarzeszow.pl\/index.php\/oferta\/\" class=\"witr_btn\">Oferta\t\t\t\t\t\t\t\t\t\t\t<!-- icon -->\n\t\t\t\t\t\t\t\t\t\t\t\t\t\t\t\t\t\t\t\t\t\n\t\t\t\t\t\t\t\t\t\t<\/a>\n\t\t\t\t\t\t\t\t\t\t\t\t\t\t\t\t\t\t\t\n\t\t\t\t\t\t\t\t\t\t\t\t\t\t\t\t\t\t\t\t\t\t\t\t\t\t\t\t\t\t\t\t\t\t\t\t\t\n\t\t\t\t\t\t\t\t\t\t\t\t\t\t\t\n\t\t\t\t\t\t\n\t\t\t\t\t\t<\/div>\t\t\t\t\t\t\n\t\t\t\t\t<\/div>\n\t\t\t\t\t\t\n\t\t\t\n\n\n\n\t\t\t<\/div>\n<!-- end area -->\n  \n\n\t\t<\/div>\n\t\t\t\t<\/div>\n\t\t\t\t\t<\/div>\n\t\t\t\t<\/div>\n\t\t<div class=\"elementor-element elementor-element-7b97731 e-flex e-con-boxed e-con e-parent\" data-id=\"7b97731\" data-element_type=\"container\" data-core-v316-plus=\"true\">\n\t\t\t\t\t<div class=\"e-con-inner\">\n\t\t\t\t<div class=\"elementor-element elementor-element-71cb619 elementor-widget elementor-widget-text-editor\" data-id=\"71cb619\" data-element_type=\"widget\" data-widget_type=\"text-editor.default\">\n\t\t\t\t<div class=\"elementor-widget-container\">\n\t\t\t<style>\/*! elementor - v3.20.0 - 11-03-2024 *\/\n.elementor-widget-text-editor.elementor-drop-cap-view-stacked .elementor-drop-cap{background-color:#69727d;color:#fff}.elementor-widget-text-editor.elementor-drop-cap-view-framed .elementor-drop-cap{color:#69727d;border:3px solid;background-color:transparent}.elementor-widget-text-editor:not(.elementor-drop-cap-view-default) .elementor-drop-cap{margin-top:8px}.elementor-widget-text-editor:not(.elementor-drop-cap-view-default) .elementor-drop-cap-letter{width:1em;height:1em}.elementor-widget-text-editor .elementor-drop-cap{float:left;text-align:center;line-height:1;font-size:50px}.elementor-widget-text-editor .elementor-drop-cap-letter{display:inline-block}<\/style>\t\t\t\t<p>Nasza Wypo\u017cyczalnia mo\u017ce dostarczy\u0107 potrzebne Pa\u0144stwu sztu\u0107ce na wszystkie organizowane wydarzenia wydarzenia.\u00a0Wypo\u017cyczalnia posiada w ofercie klasyczne sztu\u0107ce firmy Gerlach model Barok z eleganckim motywem na uchwycie. Wynajmowane sztu\u0107ce to elegancki kszta\u0142t o g\u0142adkiej zaokr\u0105glonej konstrukcji, zestaw z w\u0142a\u015bciw\u0105 r\u00f3wnowag\u0105 dla wagi wydarzenia i komfortu go\u015bci, uzupe\u0142ni eleganckie przyj\u0119cie weselne lub nieformaln\u0105 rodzin\u0105 uroczysto\u015b\u0107.<\/p><p>Wypo\u017cyczalnia cateringowa, daje swoim klientom gwarancj\u0119, \u017ce wszystkie sztu\u0107ce b\u0119d\u0105 nieskazitelnie czyste i higienicznie oczyszczone do standardu bezpiecze\u0144stwa \u017cywieniowego.Ka\u017cdy wypo\u017cyczony element zosta\u0142 profesjonalnie wysterylizowany w wysokiej temperaturze, a nast\u0119pnie osuszony przez gor\u0105ce powietrze. Wypo\u017cyczalnia zapewnia, \u017ce sztu\u0107ce mog\u0105 by\u0107 umieszczone bezpo\u015brednio po dostawie na Pa\u0144stwa stole.Aby utrzyma\u0107 nasze doskona\u0142e standardy obs\u0142ugi i higieny, ka\u017cdy ze sztu\u0107c\u00f3w jest sprawdzany przez nasz zesp\u00f3\u0142 obs\u0142ugi gastronomicznej.<\/p><p>Mo\u017cemy dostarczy\u0107 komplet obiadowy sztu\u0107c\u00f3w wraz z elementami serwisowymi dopasowanymi dla ka\u017cdego rodzaju imprezy, w tym pe\u0142nym wyborze, n\u00f3\u017c, widelec, \u0142y\u017cka do zupy, widelczyk deserowy i \u0142y\u017ceczki do kawy, herbaty, tace ekspozycyjne w dowolnych rozmiarach, a wszystko to w lustrzanym wyko\u0144czeniu z wysokiej jako\u015bci stali nierdzewnej, polerowanej, wolnej od znak\u00f3w wodnych. Wynajem sztu\u0107c\u00f3w gotowych do natychmiastowego u\u017cycia by oszcz\u0119dza\u0107 Pa\u0144stwa czas.<\/p>\t\t\t\t\t\t<\/div>\n\t\t\t\t<\/div>\n\t\t\t\t\t<\/div>\n\t\t\t\t<\/div>\n\t\t\t\t<section class=\"elementor-section elementor-top-section elementor-element elementor-element-d5ea889 elementor-section-boxed elementor-section-height-default elementor-section-height-default\" data-id=\"d5ea889\" data-element_type=\"section\">\n\t\t\t\t\t\t<div class=\"elementor-container elementor-column-gap-default\">\n\t\t\t\t\t<div class=\"elementor-column elementor-col-100 elementor-top-column elementor-element elementor-element-da1bb2d\" data-id=\"da1bb2d\" data-element_type=\"column\">\n\t\t\t<div class=\"elementor-widget-wrap elementor-element-populated\">\n\t\t\t\t\t\t<section class=\"elementor-section elementor-inner-section elementor-element elementor-element-1f8e622 elementor-section-boxed elementor-section-height-default elementor-section-height-default\" data-id=\"1f8e622\" data-element_type=\"section\">\n\t\t\t\t\t\t<div class=\"elementor-container elementor-column-gap-default\">\n\t\t\t\t\t<div class=\"elementor-column elementor-col-50 elementor-inner-column elementor-element elementor-element-7def577\" data-id=\"7def577\" data-element_type=\"column\">\n\t\t\t<div class=\"elementor-widget-wrap elementor-element-populated\">\n\t\t\t\t\t\t<div class=\"elementor-element elementor-element-a0bdcb8 elementor-view-framed elementor-shape-circle elementor-position-top elementor-mobile-position-top elementor-widget elementor-widget-icon-box\" data-id=\"a0bdcb8\" data-element_type=\"widget\" data-widget_type=\"icon-box.default\">\n\t\t\t\t<div class=\"elementor-widget-container\">\n\t\t\t<link rel=\"stylesheet\" href=\"https:\/\/wypozyczalniarzeszow.pl\/wp-content\/plugins\/elementor\/assets\/css\/widget-icon-box.min.css\">\t\t<div class=\"elementor-icon-box-wrapper\">\n\t\t\t\t\t\t<div class=\"elementor-icon-box-icon\">\n\t\t\t\t<a href=\"tel:+48570601540\" class=\"elementor-icon elementor-animation-pulse-grow\" tabindex=\"-1\">\n\t\t\t\t<svg aria-hidden=\"true\" class=\"e-font-icon-svg e-fas-phone-alt\" viewBox=\"0 0 512 512\" xmlns=\"http:\/\/www.w3.org\/2000\/svg\"><path d=\"M497.39 361.8l-112-48a24 24 0 0 0-28 6.9l-49.6 60.6A370.66 370.66 0 0 1 130.6 204.11l60.6-49.6a23.94 23.94 0 0 0 6.9-28l-48-112A24.16 24.16 0 0 0 122.6.61l-104 24A24 24 0 0 0 0 48c0 256.5 207.9 464 464 464a24 24 0 0 0 23.4-18.6l24-104a24.29 24.29 0 0 0-14.01-27.6z\"><\/path><\/svg>\t\t\t\t<\/a>\n\t\t\t<\/div>\n\t\t\t\t\t\t<div class=\"elementor-icon-box-content\">\n\t\t\t\t<h3 class=\"elementor-icon-box-title\">\n\t\t\t\t\t<a href=\"tel:+48570601540\" >\n\t\t\t\t\t\t<b>Zadzwo\u0144<\/b>\t\t\t\t\t<\/a>\n\t\t\t\t<\/h3>\n\t\t\t\t\t\t\t<\/div>\n\t\t<\/div>\n\t\t\t\t<\/div>\n\t\t\t\t<\/div>\n\t\t\t\t\t<\/div>\n\t\t<\/div>\n\t\t\t\t<div class=\"elementor-column elementor-col-50 elementor-inner-column elementor-element elementor-element-800cfcb\" data-id=\"800cfcb\" data-element_type=\"column\">\n\t\t\t<div class=\"elementor-widget-wrap elementor-element-populated\">\n\t\t\t\t\t\t<div class=\"elementor-element elementor-element-2005280 elementor-widget elementor-widget-heading\" data-id=\"2005280\" data-element_type=\"widget\" data-widget_type=\"heading.default\">\n\t\t\t\t<div class=\"elementor-widget-container\">\n\t\t\t<style>\/*! elementor - v3.20.0 - 11-03-2024 *\/\n.elementor-heading-title{padding:0;margin:0;line-height:1}.elementor-widget-heading .elementor-heading-title[class*=elementor-size-]>a{color:inherit;font-size:inherit;line-height:inherit}.elementor-widget-heading .elementor-heading-title.elementor-size-small{font-size:15px}.elementor-widget-heading .elementor-heading-title.elementor-size-medium{font-size:19px}.elementor-widget-heading .elementor-heading-title.elementor-size-large{font-size:29px}.elementor-widget-heading .elementor-heading-title.elementor-size-xl{font-size:39px}.elementor-widget-heading .elementor-heading-title.elementor-size-xxl{font-size:59px}<\/style><h2 class=\"elementor-heading-title elementor-size-default\">GOTOWE ZAM\u00d3WIENIE?<\/h2>\t\t<\/div>\n\t\t\t\t<\/div>\n\t\t\t\t<div class=\"elementor-element elementor-element-5d5b4df elementor-widget elementor-widget-heading\" data-id=\"5d5b4df\" data-element_type=\"widget\" data-widget_type=\"heading.default\">\n\t\t\t\t<div class=\"elementor-widget-container\">\n\t\t\t<h2 class=\"elementor-heading-title elementor-size-default\">Um\u00f3w Teraz Odbi\u00f3r<\/h2>\t\t<\/div>\n\t\t\t\t<\/div>\n\t\t\t\t<div class=\"elementor-element elementor-element-7057641 elementor-widget elementor-widget-text-editor\" data-id=\"7057641\" data-element_type=\"widget\" data-widget_type=\"text-editor.default\">\n\t\t\t\t<div class=\"elementor-widget-container\">\n\t\t\t\t\t\t\t<p>Jeste\u015bmy dost\u0119pni od poniedzia\u0142ku do soboty po wcze\u015bniejszej awizacji wypo\u017cyczenia.<\/p>\t\t\t\t\t\t<\/div>\n\t\t\t\t<\/div>\n\t\t\t\t\t<\/div>\n\t\t<\/div>\n\t\t\t\t\t<\/div>\n\t\t<\/section>\n\t\t\t\t\t<\/div>\n\t\t<\/div>\n\t\t\t\t\t<\/div>\n\t\t<\/section>\n\t\t\t\t<\/div>\n\t\t","protected":false},"excerpt":{"rendered":"<p>\/\/SZTU\u0106CE Sztu\u0107ce i elementy serwisowe \u0141y\u017cki, no\u017ce , widelce, \u0142y\u017ceczki, szczypce, \u0142y\u017cki wazowe, widelce i \u0142y\u017cki serwisowe Oferta Nasza Wypo\u017cyczalnia mo\u017ce dostarczy\u0107 potrzebne Pa\u0144stwu sztu\u0107ce na wszystkie organizowane wydarzenia wydarzenia.\u00a0Wypo\u017cyczalnia posiada w ofercie klasyczne sztu\u0107ce firmy Gerlach model Barok z eleganckim motywem na uchwycie. Wynajmowane sztu\u0107ce to elegancki kszta\u0142t o g\u0142adkiej zaokr\u0105glonej konstrukcji, zestaw z [&hellip;]<\/p>\n","protected":false},"author":1,"featured_media":0,"parent":0,"menu_order":0,"comment_status":"closed","ping_status":"closed","template":"","meta":{"footnotes":""},"_links":{"self":[{"href":"https:\/\/wypozyczalniarzeszow.pl\/index.php\/wp-json\/wp\/v2\/pages\/5385"}],"collection":[{"href":"https:\/\/wypozyczalniarzeszow.pl\/index.php\/wp-json\/wp\/v2\/pages"}],"about":[{"href":"https:\/\/wypozyczalniarzeszow.pl\/index.php\/wp-json\/wp\/v2\/types\/page"}],"author":[{"embeddable":true,"href":"https:\/\/wypozyczalniarzeszow.pl\/index.php\/wp-json\/wp\/v2\/users\/1"}],"replies":[{"embeddable":true,"href":"https:\/\/wypozyczalniarzeszow.pl\/index.php\/wp-json\/wp\/v2\/comments?post=5385"}],"version-history":[{"count":20,"href":"https:\/\/wypozyczalniarzeszow.pl\/index.php\/wp-json\/wp\/v2\/pages\/5385\/revisions"}],"predecessor-version":[{"id":6920,"href":"https:\/\/wypozyczalniarzeszow.pl\/index.php\/wp-json\/wp\/v2\/pages\/5385\/revisions\/6920"}],"wp:attachment":[{"href":"https:\/\/wypozyczalniarzeszow.pl\/index.php\/wp-json\/wp\/v2\/media?parent=5385"}],"curies":[{"name":"wp","href":"https:\/\/api.w.org\/{rel}","templated":true}]}}