{"id":6073,"date":"2023-12-02T14:03:09","date_gmt":"2023-12-02T14:03:09","guid":{"rendered":"http:\/\/wypozyczalniarzeszow.stronazen.pl\/?page_id=6073"},"modified":"2024-03-18T11:49:22","modified_gmt":"2024-03-18T11:49:22","slug":"program-partnerski","status":"publish","type":"page","link":"https:\/\/wypozyczalniarzeszow.pl\/index.php\/program-partnerski\/","title":{"rendered":"Program partnerski"},"content":{"rendered":"\t\t<div data-elementor-type=\"wp-page\" data-elementor-id=\"6073\" class=\"elementor elementor-6073\">\n\t\t\t\t<div class=\"elementor-element elementor-element-571baa1 e-flex e-con-boxed e-con e-parent\" data-id=\"571baa1\" data-element_type=\"container\" data-core-v316-plus=\"true\">\n\t\t\t\t\t<div class=\"e-con-inner\">\n\t\t\t\t<div class=\"elementor-element elementor-element-f16b3e7 elementor-widget elementor-widget-witr_section_title\" data-id=\"f16b3e7\" data-element_type=\"widget\" data-widget_type=\"witr_section_title.default\">\n\t\t\t\t<div class=\"elementor-widget-container\">\n\t\t\t\t\t\t\t\t<!-- title center -->\n\t\t\t\t\t<div class=\"witr_section_title\">\n\t\t\t\t\t\t<div class=\"witr_section_title_inner text-center\">\n\t\t\t\t\t\t\n\t\t\t\t\t\t\t<!--<div class=\"witr_title_lines\"><span class=\"witr_line_shaps\"><span class=\"witr_shape_dv\">Divider <i aria-hidden=\"true\" class=\"fas fa-star\"><\/i><\/span><\/span><\/div>-->\n\t\t\t\t\t\t\t<!-- icon position -->\n\t\t\t\t\t\t\t\t\n\t\t\t\t\t\t\t<!-- end icon position -->\n\t\t\t\t\t\t\t\n\t\t\t\t\t\t\n\t\t\t\t\t\t\t<!-- title top -->\n\t\t\t\t\t\t\t\t\t\t\t\t\t\t\t<h2>\/\/ABONAMENT<\/h2>\t\t\n\t\t\t\t\t\t\t\n\n\t\t\t\t\t\t\t<!-- icon position -->\n\t\t\t\t\t\t\t\t\n\t\t\t\t\t\t\t<!-- end icon position -->\n\n\n\t\t\t\t\t\t\t\n\t\t\t\t\t\t\t<!-- title middle -->\n\t\t\t\t\t\t\t\t\t\t\t\t\t\t\t<h3>Abonamentowy Program Partnerski (APP)<\/h3>\t\t\n\t\t\t\t\t\t\t\t\t\t\t\t\t\t<!-- title bottom -->\n\t\t\t\t\t\t\t\n\t\t\t\t\t\t\t\n\t\t\t\t\t\t\t\n\t\t\t\t\t\t\t\t\t\t\t\t\t\t\n\t\t\t\t\t\t\t<!-- image -->\n\t\t\t\t\t\t\t\t\t\t\t\t\t\t<!-- icon -->\n\t\t\t\t\t\t\t\t\t\t\t\t\t\t\n\t\t\t\t\t\t\t<!-- bar -->\n\t\t\t\t\t\t\t\n\t\t\t\t\t\t\t\n\t\t\t\t\t\t\t\t\n\t\t\t\t\t\t\t\n\t\t\t\t\t\t\t\n\t\t\t\t\t\t\t\n\t\t\t\t\t\t\t\n\t\t\t\t\t\t\t\n\t\t\t\t\t\t\t\n\t\t\t\t\t\t\t\n\t\t\t\t\t\t\t\n\t\t\t\t\t\t\t<!-- content -->\n\t\t\t\t\t\t\t\t\t\t\t\t\t\t\t<p>Darmowe wypo\u017cyczenia w ramach rocznego abonamentu. <\/p>\t\t\n\t\t\t\t\t\t\t\t\t\t\t\t\t\t\n\t\t\t\t\t\t<\/div>\n\t\t\t\t\t\t\t<!-- inner title -->\n\t\t\t\t\t\t\t\t\t\t\t\t\t\n\t\t\t\t\t<\/div>\n\n\t\t\t\t\t\t<\/div>\n\t\t\t\t<\/div>\n\t\t\t\t\t<\/div>\n\t\t\t\t<\/div>\n\t\t\t\t<section class=\"elementor-section elementor-top-section elementor-element elementor-element-f577672 elementor-section-boxed elementor-section-height-default elementor-section-height-default\" data-id=\"f577672\" data-element_type=\"section\">\n\t\t\t\t\t\t<div class=\"elementor-container elementor-column-gap-default\">\n\t\t\t\t\t<div class=\"elementor-column elementor-col-100 elementor-top-column elementor-element elementor-element-3c2b810\" data-id=\"3c2b810\" data-element_type=\"column\">\n\t\t\t<div class=\"elementor-widget-wrap elementor-element-populated\">\n\t\t\t\t\t\t<section class=\"elementor-section elementor-inner-section elementor-element elementor-element-5000b7f elementor-section-boxed elementor-section-height-default elementor-section-height-default\" data-id=\"5000b7f\" data-element_type=\"section\">\n\t\t\t\t\t\t<div class=\"elementor-container elementor-column-gap-default\">\n\t\t\t\t\t<div class=\"elementor-column elementor-col-33 elementor-inner-column elementor-element elementor-element-42a42d1\" data-id=\"42a42d1\" data-element_type=\"column\">\n\t\t\t<div class=\"elementor-widget-wrap elementor-element-populated\">\n\t\t\t\t\t\t<div class=\"elementor-element elementor-element-89c6a33 cowfarm-star-rating--align-center cowfarm-star-rating--align-center elementor-widget elementor-widget-witr_section_pricing\" data-id=\"89c6a33\" data-element_type=\"widget\" data-widget_type=\"witr_section_pricing.default\">\n\t\t\t\t<div class=\"elementor-widget-container\">\n\t\t\t\t\t\t\t<div class=\"pricing_area all_pricing_color pricing_style_2  \">\n                    <div class=\"pricing-part\">\n\t\t\t\t\t\t<div class=\" newsssss\">\n\t\t\t\t\t\t\t<!-- icon -->\n\t\t\t\t\t\t\t<div class=\"witr_pricing_icon\">\n\t\t\t\t\t\t\t\t\t\t\t\t\t\t<\/div>\n\t\t\t\t\n\t\t\t\t\t\t\t<!-- image -->\n\t\t\t\t\t\t\t\t\t\t\t\t\t\t\n\t\t\t\t\t\t\t<!-- ribon -->\t\n\t\t\t\t\t\t\t\t\t\t\t\t\t\n\t\t\t\t\t\t\t<!-- title -->\n\t\t\t\t\t\t\t\t\t\t\t\t\t\t\t<h4>Srebrny <\/h4>\t\n\t\t\t\t\t\t\t\t\t\t\t\t\t\t<!-- offer price -->\n\t\t\t\t\t\t\t\t\t\t\t\t\t\t\n\t\t\t\t\t\t\t<!-- price\/currency\/month -->\n\t\t\t\t\t\t\t\t\t\t\t\t\t\t\t<h5><span>PLN<\/span>999 <span> \/ ROK<\/span><\/h5>\n\t\t\t\t\t\t\t\t\t\t\t\t\t\t<!-- yearly -->\n\t\t\t\t\t\t\t\t\t\n\t\t\t\t\t\t\t<!-- list -->\n\t\t\t\t\t\t\t\t\t\t\t\t\t\t\t<div class=\"witri_texti_list\">\n\t\t\t\t\t\t\t\t<ul>\n<li>Wkr\u00f3tce<\/li>\n<li>dost\u0119pny<\/li>\n<li>dla<\/li>\n<li>sta\u0142ych<\/li>\n<li>Klient\u00f3w<\/li>\n<li>Wypo\u017cyczalni<\/li>\n<\/ul>\n\n<ul>\n<li><i class=\"fas fa-check\"><\/i><\/li>\n<li><i class=\"fas fa-check\"><\/i><\/li>\n<li><i class=\"fas fa-check\"><\/i><\/li>\n<li><i class=\"fas fa-check\"><\/i><\/li>\n<li><i class=\"fas fa-times-circle\"><\/i><\/li>\n<li><i class=\"fas fa-times-circle\"><\/i><\/li>\n<li><i class=\"fas fa-check\"><\/i><\/li>\n<\/ul>\t\t\t\t\t\t\t\t<\/div>\n\t\t\t\t\t\t\t\t\t\t\t\t\t<\/div><!-- color -->\t\n\t\t\t\t\t\t<!-- button -->\n\t\t\t\t\t\t\t\t\t\t\t\t\n                    <\/div> <!-- pricing part -->\n                <\/div> \n\n\t\t\t\t\t<\/div>\n\t\t\t\t<\/div>\n\t\t\t\t\t<\/div>\n\t\t<\/div>\n\t\t\t\t<div class=\"elementor-column elementor-col-33 elementor-inner-column elementor-element elementor-element-94a126b\" data-id=\"94a126b\" data-element_type=\"column\">\n\t\t\t<div class=\"elementor-widget-wrap elementor-element-populated\">\n\t\t\t\t\t\t<div class=\"elementor-element elementor-element-c44215b cowfarm-star-rating--align-center cowfarm-star-rating--align-center elementor-widget elementor-widget-witr_section_pricing\" data-id=\"c44215b\" data-element_type=\"widget\" data-widget_type=\"witr_section_pricing.default\">\n\t\t\t\t<div class=\"elementor-widget-container\">\n\t\t\t\t\t\t\t<div class=\"pricing_area all_pricing_color pricing_style_2  \">\n                    <div class=\"pricing-part\">\n\t\t\t\t\t\t<div class=\" newsssss\">\n\t\t\t\t\t\t\t<!-- icon -->\n\t\t\t\t\t\t\t<div class=\"witr_pricing_icon\">\n\t\t\t\t\t\t\t\t\t\t\t\t\t\t<\/div>\n\t\t\t\t\n\t\t\t\t\t\t\t<!-- image -->\n\t\t\t\t\t\t\t\t\t\t\t\t\t\t\n\t\t\t\t\t\t\t<!-- ribon -->\t\n\t\t\t\t\t\t\t\t\t\t\t\t\t\t\t<sub>Popularny <\/sub>\t\n\t\t\t\t\t\t\t\t\t\t\t\t\t\n\t\t\t\t\t\t\t<!-- title -->\n\t\t\t\t\t\t\t\t\t\t\t\t\t\t\t<h4>Z\u0142oty <\/h4>\t\n\t\t\t\t\t\t\t\t\t\t\t\t\t\t<!-- offer price -->\n\t\t\t\t\t\t\t\t\t\t\t\t\t\t\n\t\t\t\t\t\t\t<!-- price\/currency\/month -->\n\t\t\t\t\t\t\t\t\t\t\t\t\t\t\t<h5><span>PLN<\/span>1999 <span> \/ ROK<\/span><\/h5>\n\t\t\t\t\t\t\t\t\t\t\t\t\t\t<!-- yearly -->\n\t\t\t\t\t\t\t\t\t\n\t\t\t\t\t\t\t<!-- list -->\n\t\t\t\t\t\t\t\t\t\t\t\t\t\t\t<div class=\"witri_texti_list\">\n\t\t\t\t\t\t\t\t<ul>\n<li>Wkr\u00f3tce<\/li>\n<li>dost\u0119pny<\/li>\n<li>dla<\/li>\n<li>sta\u0142ych<\/li>\n<li>Klient\u00f3w<\/li>\n<li>Wypo\u017cyczalni<\/li>\n<\/ul>\n\n<ul>\n<li><i class=\"fas fa-check\"><\/i><\/li>\n<li><i class=\"fas fa-check\"><\/i><\/li>\n<li><i class=\"fas fa-check\"><\/i><\/li>\n<li><i class=\"fas fa-check\"><\/i><\/li>\n<li><i class=\"fas fa-times-circle\"><\/i><\/li>\n<li><i class=\"fas fa-times-circle\"><\/i><\/li>\n<li><i class=\"fas fa-check\"><\/i><\/li>\n<\/ul>\t\t\t\t\t\t\t\t<\/div>\n\t\t\t\t\t\t\t\t\t\t\t\t\t<\/div><!-- color -->\t\n\t\t\t\t\t\t<!-- button -->\n\t\t\t\t\t\t\t\t\t\t\t\t\n                    <\/div> <!-- pricing part -->\n                <\/div> \n\n\t\t\t\t\t<\/div>\n\t\t\t\t<\/div>\n\t\t\t\t\t<\/div>\n\t\t<\/div>\n\t\t\t\t<div class=\"elementor-column elementor-col-33 elementor-inner-column elementor-element elementor-element-d00d590\" data-id=\"d00d590\" data-element_type=\"column\">\n\t\t\t<div class=\"elementor-widget-wrap elementor-element-populated\">\n\t\t\t\t\t\t<div class=\"elementor-element elementor-element-a20a996 cowfarm-star-rating--align-center cowfarm-star-rating--align-center elementor-widget elementor-widget-witr_section_pricing\" data-id=\"a20a996\" data-element_type=\"widget\" data-widget_type=\"witr_section_pricing.default\">\n\t\t\t\t<div class=\"elementor-widget-container\">\n\t\t\t\t\t\t\t<div class=\"pricing_area all_pricing_color pricing_style_2  \">\n                    <div class=\"pricing-part\">\n\t\t\t\t\t\t<div class=\" newsssss\">\n\t\t\t\t\t\t\t<!-- icon -->\n\t\t\t\t\t\t\t<div class=\"witr_pricing_icon\">\n\t\t\t\t\t\t\t\t\t\t\t\t\t\t<\/div>\n\t\t\t\t\n\t\t\t\t\t\t\t<!-- image -->\n\t\t\t\t\t\t\t\t\t\t\t\t\t\t\n\t\t\t\t\t\t\t<!-- ribon -->\t\n\t\t\t\t\t\t\t\t\t\t\t\t\t\n\t\t\t\t\t\t\t<!-- title -->\n\t\t\t\t\t\t\t\t\t\t\t\t\t\t\t<h4>Platynowy <\/h4>\t\n\t\t\t\t\t\t\t\t\t\t\t\t\t\t<!-- offer price -->\n\t\t\t\t\t\t\t\t\t\t\t\t\t\t\n\t\t\t\t\t\t\t<!-- price\/currency\/month -->\n\t\t\t\t\t\t\t\t\t\t\t\t\t\t\t<h5><span>PLN<\/span>2999 <span> \/ ROK<\/span><\/h5>\n\t\t\t\t\t\t\t\t\t\t\t\t\t\t<!-- yearly -->\n\t\t\t\t\t\t\t\t\t\n\t\t\t\t\t\t\t<!-- list -->\n\t\t\t\t\t\t\t\t\t\t\t\t\t\t\t<div class=\"witri_texti_list\">\n\t\t\t\t\t\t\t\t<ul>\n<li>Wkr\u00f3tce<\/li>\n<li>dost\u0119pny<\/li>\n<li>dla<\/li>\n<li>sta\u0142ych<\/li>\n<li>Klient\u00f3w<\/li>\n<li>Wypo\u017cyczalni<\/li>\n<\/ul>\n\n<ul>\n<li><i class=\"fas fa-check\"><\/i><\/li>\n<li><i class=\"fas fa-check\"><\/i><\/li>\n<li><i class=\"fas fa-check\"><\/i><\/li>\n<li><i class=\"fas fa-check\"><\/i><\/li>\n<li><i class=\"fas fa-times-circle\"><\/i><\/li>\n<li><i class=\"fas fa-times-circle\"><\/i><\/li>\n<li><i class=\"fas fa-check\"><\/i><\/li>\n<\/ul>\t\t\t\t\t\t\t\t<\/div>\n\t\t\t\t\t\t\t\t\t\t\t\t\t<\/div><!-- color -->\t\n\t\t\t\t\t\t<!-- button -->\n\t\t\t\t\t\t\t\t\t\t\t\t\n                    <\/div> <!-- pricing part -->\n                <\/div> \n\n\t\t\t\t\t<\/div>\n\t\t\t\t<\/div>\n\t\t\t\t\t<\/div>\n\t\t<\/div>\n\t\t\t\t\t<\/div>\n\t\t<\/section>\n\t\t\t\t\t<\/div>\n\t\t<\/div>\n\t\t\t\t\t<\/div>\n\t\t<\/section>\n\t\t\t\t<section class=\"elementor-section elementor-top-section elementor-element elementor-element-d6e346a elementor-section-boxed elementor-section-height-default elementor-section-height-default\" data-id=\"d6e346a\" data-element_type=\"section\">\n\t\t\t\t\t\t<div class=\"elementor-container elementor-column-gap-default\">\n\t\t\t\t\t<div class=\"elementor-column elementor-col-100 elementor-top-column elementor-element elementor-element-f098f24\" data-id=\"f098f24\" data-element_type=\"column\">\n\t\t\t<div class=\"elementor-widget-wrap elementor-element-populated\">\n\t\t\t\t\t\t<section class=\"elementor-section elementor-inner-section elementor-element elementor-element-c9654bd elementor-section-boxed elementor-section-height-default elementor-section-height-default\" data-id=\"c9654bd\" data-element_type=\"section\">\n\t\t\t\t\t\t<div class=\"elementor-container elementor-column-gap-default\">\n\t\t\t\t\t<div class=\"elementor-column elementor-col-50 elementor-inner-column elementor-element elementor-element-c786c1f\" data-id=\"c786c1f\" data-element_type=\"column\">\n\t\t\t<div class=\"elementor-widget-wrap elementor-element-populated\">\n\t\t\t\t\t\t<div class=\"elementor-element elementor-element-b228857 elementor-view-framed elementor-shape-circle elementor-position-top elementor-mobile-position-top elementor-widget elementor-widget-icon-box\" data-id=\"b228857\" data-element_type=\"widget\" data-widget_type=\"icon-box.default\">\n\t\t\t\t<div class=\"elementor-widget-container\">\n\t\t\t<link rel=\"stylesheet\" href=\"https:\/\/wypozyczalniarzeszow.pl\/wp-content\/plugins\/elementor\/assets\/css\/widget-icon-box.min.css\">\t\t<div class=\"elementor-icon-box-wrapper\">\n\t\t\t\t\t\t<div class=\"elementor-icon-box-icon\">\n\t\t\t\t<a href=\"tel:+48570601540\" class=\"elementor-icon elementor-animation-pulse-grow\" tabindex=\"-1\">\n\t\t\t\t<svg aria-hidden=\"true\" class=\"e-font-icon-svg e-fas-phone-alt\" viewBox=\"0 0 512 512\" xmlns=\"http:\/\/www.w3.org\/2000\/svg\"><path d=\"M497.39 361.8l-112-48a24 24 0 0 0-28 6.9l-49.6 60.6A370.66 370.66 0 0 1 130.6 204.11l60.6-49.6a23.94 23.94 0 0 0 6.9-28l-48-112A24.16 24.16 0 0 0 122.6.61l-104 24A24 24 0 0 0 0 48c0 256.5 207.9 464 464 464a24 24 0 0 0 23.4-18.6l24-104a24.29 24.29 0 0 0-14.01-27.6z\"><\/path><\/svg>\t\t\t\t<\/a>\n\t\t\t<\/div>\n\t\t\t\t\t\t<div class=\"elementor-icon-box-content\">\n\t\t\t\t<h3 class=\"elementor-icon-box-title\">\n\t\t\t\t\t<a href=\"tel:+48570601540\" >\n\t\t\t\t\t\t<b>Zadzwo\u0144<\/b>\t\t\t\t\t<\/a>\n\t\t\t\t<\/h3>\n\t\t\t\t\t\t\t<\/div>\n\t\t<\/div>\n\t\t\t\t<\/div>\n\t\t\t\t<\/div>\n\t\t\t\t\t<\/div>\n\t\t<\/div>\n\t\t\t\t<div class=\"elementor-column elementor-col-50 elementor-inner-column elementor-element elementor-element-9be89dd\" data-id=\"9be89dd\" data-element_type=\"column\">\n\t\t\t<div class=\"elementor-widget-wrap elementor-element-populated\">\n\t\t\t\t\t\t<div class=\"elementor-element elementor-element-65922c9 elementor-widget elementor-widget-heading\" data-id=\"65922c9\" data-element_type=\"widget\" data-widget_type=\"heading.default\">\n\t\t\t\t<div class=\"elementor-widget-container\">\n\t\t\t<style>\/*! elementor - v3.20.0 - 11-03-2024 *\/\n.elementor-heading-title{padding:0;margin:0;line-height:1}.elementor-widget-heading .elementor-heading-title[class*=elementor-size-]>a{color:inherit;font-size:inherit;line-height:inherit}.elementor-widget-heading .elementor-heading-title.elementor-size-small{font-size:15px}.elementor-widget-heading .elementor-heading-title.elementor-size-medium{font-size:19px}.elementor-widget-heading .elementor-heading-title.elementor-size-large{font-size:29px}.elementor-widget-heading .elementor-heading-title.elementor-size-xl{font-size:39px}.elementor-widget-heading .elementor-heading-title.elementor-size-xxl{font-size:59px}<\/style><h2 class=\"elementor-heading-title elementor-size-default\">GOTOWE ZAM\u00d3WIENIE?<\/h2>\t\t<\/div>\n\t\t\t\t<\/div>\n\t\t\t\t<div class=\"elementor-element elementor-element-ae2fd0a elementor-widget elementor-widget-heading\" data-id=\"ae2fd0a\" data-element_type=\"widget\" data-widget_type=\"heading.default\">\n\t\t\t\t<div class=\"elementor-widget-container\">\n\t\t\t<h2 class=\"elementor-heading-title elementor-size-default\">Um\u00f3w Teraz Odbi\u00f3r<\/h2>\t\t<\/div>\n\t\t\t\t<\/div>\n\t\t\t\t<div class=\"elementor-element elementor-element-93dfaeb elementor-widget elementor-widget-text-editor\" data-id=\"93dfaeb\" data-element_type=\"widget\" data-widget_type=\"text-editor.default\">\n\t\t\t\t<div class=\"elementor-widget-container\">\n\t\t\t<style>\/*! elementor - v3.20.0 - 11-03-2024 *\/\n.elementor-widget-text-editor.elementor-drop-cap-view-stacked .elementor-drop-cap{background-color:#69727d;color:#fff}.elementor-widget-text-editor.elementor-drop-cap-view-framed .elementor-drop-cap{color:#69727d;border:3px solid;background-color:transparent}.elementor-widget-text-editor:not(.elementor-drop-cap-view-default) .elementor-drop-cap{margin-top:8px}.elementor-widget-text-editor:not(.elementor-drop-cap-view-default) .elementor-drop-cap-letter{width:1em;height:1em}.elementor-widget-text-editor .elementor-drop-cap{float:left;text-align:center;line-height:1;font-size:50px}.elementor-widget-text-editor .elementor-drop-cap-letter{display:inline-block}<\/style>\t\t\t\t<p>Jeste\u015bmy dost\u0119pni od poniedzia\u0142ku do soboty po wcze\u015bniejszej awizacji wypo\u017cyczenia.<\/p>\t\t\t\t\t\t<\/div>\n\t\t\t\t<\/div>\n\t\t\t\t\t<\/div>\n\t\t<\/div>\n\t\t\t\t\t<\/div>\n\t\t<\/section>\n\t\t\t\t\t<\/div>\n\t\t<\/div>\n\t\t\t\t\t<\/div>\n\t\t<\/section>\n\t\t\t\t<\/div>\n\t\t","protected":false},"excerpt":{"rendered":"<p>\/\/ABONAMENT Abonamentowy Program Partnerski (APP) Darmowe wypo\u017cyczenia w ramach rocznego abonamentu. Srebrny PLN999 \/ ROK Wkr\u00f3tce dost\u0119pny dla sta\u0142ych Klient\u00f3w Wypo\u017cyczalni Popularny Z\u0142oty PLN1999 \/ ROK Wkr\u00f3tce dost\u0119pny dla sta\u0142ych Klient\u00f3w Wypo\u017cyczalni Platynowy PLN2999 \/ ROK Wkr\u00f3tce dost\u0119pny dla sta\u0142ych Klient\u00f3w Wypo\u017cyczalni Zadzwo\u0144 GOTOWE ZAM\u00d3WIENIE? Um\u00f3w Teraz Odbi\u00f3r Jeste\u015bmy dost\u0119pni od poniedzia\u0142ku do soboty po [&hellip;]<\/p>\n","protected":false},"author":1,"featured_media":0,"parent":0,"menu_order":0,"comment_status":"closed","ping_status":"closed","template":"","meta":{"footnotes":""},"_links":{"self":[{"href":"https:\/\/wypozyczalniarzeszow.pl\/index.php\/wp-json\/wp\/v2\/pages\/6073"}],"collection":[{"href":"https:\/\/wypozyczalniarzeszow.pl\/index.php\/wp-json\/wp\/v2\/pages"}],"about":[{"href":"https:\/\/wypozyczalniarzeszow.pl\/index.php\/wp-json\/wp\/v2\/types\/page"}],"author":[{"embeddable":true,"href":"https:\/\/wypozyczalniarzeszow.pl\/index.php\/wp-json\/wp\/v2\/users\/1"}],"replies":[{"embeddable":true,"href":"https:\/\/wypozyczalniarzeszow.pl\/index.php\/wp-json\/wp\/v2\/comments?post=6073"}],"version-history":[{"count":26,"href":"https:\/\/wypozyczalniarzeszow.pl\/index.php\/wp-json\/wp\/v2\/pages\/6073\/revisions"}],"predecessor-version":[{"id":6511,"href":"https:\/\/wypozyczalniarzeszow.pl\/index.php\/wp-json\/wp\/v2\/pages\/6073\/revisions\/6511"}],"wp:attachment":[{"href":"https:\/\/wypozyczalniarzeszow.pl\/index.php\/wp-json\/wp\/v2\/media?parent=6073"}],"curies":[{"name":"wp","href":"https:\/\/api.w.org\/{rel}","templated":true}]}}