{"id":6197,"date":"2023-12-02T20:33:41","date_gmt":"2023-12-02T20:33:41","guid":{"rendered":"http:\/\/wypozyczalniarzeszow.stronazen.pl\/?post_type=product&#038;p=6197"},"modified":"2023-12-02T20:46:53","modified_gmt":"2023-12-02T20:46:53","slug":"talerz-gleboki-arcadia-o-225-mm","status":"publish","type":"product","link":"https:\/\/wypozyczalniarzeszow.pl\/index.php\/product\/talerz-gleboki-arcadia-o-225-mm\/","title":{"rendered":"Talerz g\u0142\u0119boki Arcadia \u00d8 225 mm"},"content":{"rendered":"<p><img fetchpriority=\"high\" decoding=\"async\" class=\"alignnone size-medium wp-image-6198\" src=\"http:\/\/wypozyczalniarzeszow.stronazen.pl\/wp-content\/uploads\/2023\/12\/Projekt-bez-nazwy-36-300x300.png\" alt=\"\" width=\"300\" height=\"300\" srcset=\"https:\/\/wypozyczalniarzeszow.pl\/wp-content\/uploads\/2023\/12\/Projekt-bez-nazwy-36-300x300.png 300w, https:\/\/wypozyczalniarzeszow.pl\/wp-content\/uploads\/2023\/12\/Projekt-bez-nazwy-36-1024x1024.png 1024w, https:\/\/wypozyczalniarzeszow.pl\/wp-content\/uploads\/2023\/12\/Projekt-bez-nazwy-36-150x150.png 150w, https:\/\/wypozyczalniarzeszow.pl\/wp-content\/uploads\/2023\/12\/Projekt-bez-nazwy-36-768x768.png 768w, https:\/\/wypozyczalniarzeszow.pl\/wp-content\/uploads\/2023\/12\/Projekt-bez-nazwy-36-450x450.png 450w, https:\/\/wypozyczalniarzeszow.pl\/wp-content\/uploads\/2023\/12\/Projekt-bez-nazwy-36-106x106.png 106w, https:\/\/wypozyczalniarzeszow.pl\/wp-content\/uploads\/2023\/12\/Projekt-bez-nazwy-36-560x560.png 560w, https:\/\/wypozyczalniarzeszow.pl\/wp-content\/uploads\/2023\/12\/Projekt-bez-nazwy-36-600x600.png 600w, https:\/\/wypozyczalniarzeszow.pl\/wp-content\/uploads\/2023\/12\/Projekt-bez-nazwy-36-100x100.png 100w, https:\/\/wypozyczalniarzeszow.pl\/wp-content\/uploads\/2023\/12\/Projekt-bez-nazwy-36.png 1080w\" sizes=\"(max-width: 300px) 100vw, 300px\" \/><\/p>\n","protected":false},"excerpt":{"rendered":"","protected":false},"featured_media":6198,"template":"","meta":[],"product_cat":[61],"product_tag":[],"_links":{"self":[{"href":"https:\/\/wypozyczalniarzeszow.pl\/index.php\/wp-json\/wp\/v2\/product\/6197"}],"collection":[{"href":"https:\/\/wypozyczalniarzeszow.pl\/index.php\/wp-json\/wp\/v2\/product"}],"about":[{"href":"https:\/\/wypozyczalniarzeszow.pl\/index.php\/wp-json\/wp\/v2\/types\/product"}],"wp:featuredmedia":[{"embeddable":true,"href":"https:\/\/wypozyczalniarzeszow.pl\/index.php\/wp-json\/wp\/v2\/media\/6198"}],"wp:attachment":[{"href":"https:\/\/wypozyczalniarzeszow.pl\/index.php\/wp-json\/wp\/v2\/media?parent=6197"}],"wp:term":[{"taxonomy":"product_cat","embeddable":true,"href":"https:\/\/wypozyczalniarzeszow.pl\/index.php\/wp-json\/wp\/v2\/product_cat?post=6197"},{"taxonomy":"product_tag","embeddable":true,"href":"https:\/\/wypozyczalniarzeszow.pl\/index.php\/wp-json\/wp\/v2\/product_tag?post=6197"}],"curies":[{"name":"wp","href":"https:\/\/api.w.org\/{rel}","templated":true}]}}